{"id":3,"date":"2021-10-04T15:07:23","date_gmt":"2021-10-04T13:07:23","guid":{"rendered":"http:\/\/electricista-quiquezamorano.com\/?page_id=3"},"modified":"2021-10-05T14:00:49","modified_gmt":"2021-10-05T12:00:49","slug":"politica-privacidad","status":"publish","type":"page","link":"https:\/\/electricista-quiquezamorano.com\/?page_id=3","title":{"rendered":"Pol\u00edtica de privacidad"},"content":{"rendered":"\t\t<div data-elementor-type=\"wp-page\" data-elementor-id=\"3\" class=\"elementor elementor-3\">\n\t\t\t\t\t\t<section class=\"elementor-section elementor-top-section elementor-element elementor-element-91b8b50 elementor-section-boxed elementor-section-height-default elementor-section-height-default\" data-id=\"91b8b50\" data-element_type=\"section\" data-e-type=\"section\">\n\t\t\t\t\t\t<div class=\"elementor-container elementor-column-gap-default\">\n\t\t\t\t\t<div class=\"elementor-column elementor-col-100 elementor-top-column elementor-element elementor-element-1ce82b7\" data-id=\"1ce82b7\" data-element_type=\"column\" data-e-type=\"column\">\n\t\t\t<div class=\"elementor-widget-wrap elementor-element-populated\">\n\t\t\t\t\t\t<div class=\"elementor-element elementor-element-5d7b09a elementor-widget elementor-widget-text-editor\" data-id=\"5d7b09a\" data-element_type=\"widget\" data-e-type=\"widget\" data-widget_type=\"text-editor.default\">\n\t\t\t\t<div class=\"elementor-widget-container\">\n\t\t\t\t\t\t\t\t\t<h3>POLITICA DE PRIVACIDAD<\/h3>\n<p>\u00daltima actualizaci\u00f3n: Octubre 2021.<\/p>\n<p>\u00a0<\/p>\n<p><span style=\"font-size: 14pt;\"><strong>1.<\/strong>\u00a0<strong>INFORMACI\u00d3N AL USUARIO<\/strong><\/span><\/p>\n<p><strong>Enrique Zamorano Garrido<\/strong>, como Responsable del Tratamiento, le informa que, seg\u00fan lo dispuesto en el Reglamento (UE) 2016\/679, de 27 de abril, (RGPD) y en la L.O. 3\/2018, de 5 de diciembre, de protecci\u00f3n de datos y garant\u00eda de los derechos digitales (LOPDGDD), trataremos su datos tal y como reflejamos en la presente Pol\u00edtica de Privacidad.<\/p>\n<p>En esta Pol\u00edtica de Privacidad describimos c\u00f3mo recogemos sus datos personales y por qu\u00e9 los recogemos, qu\u00e9 hacemos con ellos, con qui\u00e9n los compartimos, c\u00f3mo los protegemos y sus opciones en cuanto al tratamiento de sus datos personales.<\/p>\n<p>Esta Pol\u00edtica se aplica al tratamiento de sus datos personales recogidos por la empresa para la prestaci\u00f3n de sus servicios. Si acepta las medidas de esta Pol\u00edtica, acepta que tratemos sus datos personales como se define en esta Pol\u00edtica.<\/p>\n<p>\u00a0<\/p>\n<p><span style=\"font-size: 14pt;\"><strong>2. CONTACTO<\/strong><\/span><\/p>\n<p>Denominaci\u00f3n social: <strong>Enrique Zamorano Garrido<\/strong><br \/>Nombre comercial: <strong>Quique Zamorano Electricista\u00a0<\/strong><br \/>CIF: <strong>30.822.756 L\u00a0<\/strong><br \/>Domicilio: <strong>Calle La Iglesia 4, 1\u00b0 izq Villaverde de Arcayos, Almanza, 24171 Le\u00f3n<\/strong><\/p>\n<p>e-mail: <strong>quiquezamor@hotmail.com<\/strong><\/p>\n<p><br \/>\u00a0<br \/><span style=\"font-size: 14pt;\"><strong>3. PRINCIPIOS CLAVE<\/strong><\/span><\/p>\n<p>Siempre hemos estado comprometidos con prestar nuestros servicios con el m\u00e1s alto grado de calidad, lo que incluye tratar sus datos con seguridad y transparencia. Nuestros principios son:<\/p>\n<ul>\n<li><strong>Legalidad<\/strong>: Solo recopilaremos sus Datos personales para fines espec\u00edficos, expl\u00edcitos y leg\u00edtimos.<\/li>\n<li><strong>Minimizaci\u00f3n de datos<\/strong>: Limitamos la recogida de datos de car\u00e1cter personal a lo que es estrictamente relevante y necesario para los fines para los que se han recopilado.<\/li>\n<li><strong>Limitaci\u00f3n de la Finalidad<\/strong>: Solo recogeremos sus datos personales para los fines declarados y solo seg\u00fan sus deseos.<\/li>\n<li><strong>Precisi\u00f3n<\/strong>: Mantendremos sus datos personales exactos y actualizados.<\/li>\n<li><strong>Seguridad de los Datos<\/strong>: Aplicamos las medidas t\u00e9cnicas y organizativas adecuadas y proporcionales a los riesgos para garantizar que sus datos no sufran da\u00f1os, tales como divulgaci\u00f3n o acceso no autorizado, la destrucci\u00f3n accidental o il\u00edcita o su p\u00e9rdida accidental o alteraci\u00f3n y cualquier otra forma de tratamiento il\u00edcito.<\/li>\n<li><strong>Acceso y Rectificaci\u00f3n<\/strong>: Disponemos de medios para que acceda o rectifique sus datos cuando lo considere oportuno.<\/li>\n<li><strong>Conservaci\u00f3n<\/strong>: Conservamos sus datos personales de manera legal y apropiada y solo mientras es necesario para los fines para los que se han recopilado.<\/li>\n<li><strong>Las transferencias internacionales<\/strong>: cuando se d\u00e9 el caso de que sus datos vayan a ser transferidos fuera de la UE\/EEE se proteger\u00e1n adecuadamente.<\/li>\n<li><strong>Terceros<\/strong>: El acceso y transferencia de datos personales a terceros se llevan a cabo de acuerdo con las leyes y reglamentos aplicables y con las garant\u00edas contractuales adecuadas.<\/li>\n<li><strong>Marketing Directo y cookies<\/strong>: Cumplimos con la legislaci\u00f3n aplicable en materia de publicidad y cookies.<\/li>\n<\/ul>\n<p>\u00a0<\/p>\n<p><span style=\"font-size: 14pt;\"><strong>4. RECOGIDA Y TRATAMIENTO DE SUS DATOS PERSONALES<\/strong><\/span><br \/>Las tipos de datos que se pueden solicitar y tratar son:<\/p>\n<ul>\n<li>Datos de car\u00e1cter identificativo.<\/li>\n<\/ul>\n<p>Tambi\u00e9n recogemos de forma autom\u00e1tica datos sobre su visita a nuestro sitio web\u00a0 seg\u00fan se describe en la pol\u00edtica de cookies.<\/p>\n<p>Siempre que solicitemos sus Datos personales, le informaremos con claridad de qu\u00e9 datos personales recogemos y con qu\u00e9 fin. En general, recogemos y tratamos sus datos personales con el prop\u00f3sito de:<\/p>\n<ul>\n<li>Proporcionar informaci\u00f3n, servicios, productos, informaci\u00f3n relevante y novedades en el sector.<\/li>\n<li>Env\u00edo de comunicaciones.<\/li>\n<\/ul>\n<p>\u00a0<\/p>\n<p><span style=\"font-size: 14pt;\"><strong>5. LEGITIMIDAD<\/strong><\/span><\/p>\n<p>De acuerdo con la normativa de protecci\u00f3n de datos aplicable, sus datos personales podr\u00e1n tratarse siempre que:<\/p>\n<ul>\n<li>Nos ha dado su consentimiento a los efectos del tratamiento. Por supuesto podr\u00e1 retirar su consentimiento en cualquier momento.<\/li>\n<li>Por requerimiento legal.<\/li>\n<li>Por exisitr un inter\u00e9s leg\u00edtimo que no se vea menoscabado por sus derechos de privacidad, como por ejemplo el env\u00edo de informaci\u00f3n comercial bien por suscripci\u00f3n a nuestra newsletter o por su condici\u00f3n de cliente.<\/li>\n<li>Por se necesaria para la prestaci\u00f3n de alguno de nuestros servicios mediante relaci\u00f3n contractual entre usted y nosotros.<\/li>\n<\/ul>\n<p>\u00a0<\/p>\n<p><span style=\"font-size: 14pt;\"><strong>6. COMUNICACI\u00d3N DE DATOS PERSONALES<\/strong><\/span><\/p>\n<p>Los datos pueden ser comunicados a empresas relacionadas con\u00a0<strong>Quique Zamorano electricista<\/strong>\u00a0para la prestaci\u00f3n de los diversos servicios en calidad de Encargados del Tratamiento. La empresa no realizar\u00e1 ninguna cesi\u00f3n, salvo por obligaci\u00f3n legal.<\/p>\n<p>\u00a0<\/p>\n<p><span style=\"font-size: 14pt;\"><strong>7. SUS DERECHOS<\/strong><\/span><\/p>\n<p>En relaci\u00f3n con la recogida y tratamiento de sus datos personales, puede ponerse en contacto con nosotros en cualquier momento para:<\/p>\n<ul>\n<li>Acceder a sus datos personales y a cualquier otra informaci\u00f3n indicada en el Art\u00edculo 15.1 del RGPD.<\/li>\n<li>Rectificar sus datos personales que sean inexactos o est\u00e9n incompletos de acuerdo con el Art\u00edculo 16 del RGPD.<\/li>\n<li>Suprimir sus datos personales de acuerdo con el Art\u00edculo 17 del RGPD.<\/li>\n<li>Limitar el tratamiento de sus datos personales de acuerdo con el Art\u00edculo 18 del RGPD.<\/li>\n<li>Solicitar la portabilidad de sus datos de acuerdo con el Art\u00edculo 20 del\u00a0<a class=\"rank-math-link\" href=\"https:\/\/presencialismo.com\/\" target=\"_blank\" rel=\"noopener\"><span class=\"has-inline-color has-black-color\">RGPD<\/span><\/a>.<\/li>\n<li>Oponerse al tratamiento de sus datos personales de acuerdo con el art\u00edculo 21 del RGPD.<\/li>\n<\/ul>\n<p>Si ha otorgado su consentimiento para alguna finalidad concreta, tiene derecho a retirar el consentimiento otorgado en cualquier momento, sin que ello afecte a la licitud del tratamiento basado en el consentimiento previo a su retirada\u00a0<a class=\"rank-math-link\" href=\"https:\/\/presencialismo.com\/\" target=\"_blank\" rel=\"noopener\"><span class=\"has-inline-color has-black-color\">rrhh<\/span><\/a>.<\/p>\n<p>Puede ejercer estos derechos enviando comunicaci\u00f3n, motivada y acreditada, a tuemail@tudominio .com<\/p>\n<p>Tambi\u00e9n tiene derecho a presentar una reclamaci\u00f3n ante la Autoridad de control competente (<a class=\"rank-math-link\" href=\"https:\/\/aepd.es\/\" target=\"_blank\" rel=\"noopener\">www.aepd.es<\/a>) si\u00a0considera que el tratamiento no se ajusta a la normativa vigente.<\/p>\n<p>\u00a0<\/p>\n<p><span style=\"font-size: 14pt;\"><strong>8. INFORMACI\u00d3N LEGAL<\/strong><\/span><br \/>Los requisitos de esta Pol\u00edtica complementan, y no reemplazan, cualquier otro requisito existente bajo la ley de protecci\u00f3n de datos aplicable, que ser\u00e1 la que prevalezca en cualquier caso.<\/p>\n<p>Esta Pol\u00edtica est\u00e1 sujeta a revisiones peri\u00f3dicas y la empresa puede modificarla en cualquier momento. Cuando esto ocurra, le avisaremos de cualquier cambio y le pediremos que vuelva a leer la versi\u00f3n m\u00e1s reciente de nuestra Pol\u00edtica y que confirme su aceptaci\u00f3n.<\/p>\n<hr class=\"wp-block-separator\" \/>\t\t\t\t\t\t\t\t<\/div>\n\t\t\t\t<\/div>\n\t\t\t\t\t<\/div>\n\t\t<\/div>\n\t\t\t\t\t<\/div>\n\t\t<\/section>\n\t\t\t\t<section class=\"elementor-section elementor-top-section elementor-element elementor-element-0d7a3b5 elementor-section-boxed elementor-section-height-default elementor-section-height-default\" data-id=\"0d7a3b5\" data-element_type=\"section\" data-e-type=\"section\">\n\t\t\t\t\t\t<div class=\"elementor-container elementor-column-gap-default\">\n\t\t\t\t\t<div class=\"elementor-column elementor-col-100 elementor-top-column elementor-element elementor-element-bae036b\" data-id=\"bae036b\" data-element_type=\"column\" data-e-type=\"column\">\n\t\t\t<div class=\"elementor-widget-wrap elementor-element-populated\">\n\t\t\t\t\t\t<div class=\"elementor-element elementor-element-3a97f11 elementor-widget elementor-widget-text-editor\" data-id=\"3a97f11\" data-element_type=\"widget\" data-e-type=\"widget\" data-widget_type=\"text-editor.default\">\n\t\t\t\t<div class=\"elementor-widget-container\">\n\t\t\t\t\t\t\t\t\t<h3>POLITICA DE COOKIES<\/h3>\n<p>Las cookies son peque\u00f1as cantidades de informaci\u00f3n que se almacenan en el navegador utilizado por cada usuario para que el servidor recuerde cierta informaci\u00f3n que posteriormente pueda utilizar.<\/p>\n<h4>\u00a0<\/h4>\n<h4>TIPOS DE COOKIES QUE UTILIZAMOS<\/h4>\n<p>Esta p\u00e1gina web utiliza cookies de terceros que son aquellas que se env\u00edan a tu ordenador o terminal desde un dominio o una p\u00e1gina web que no es gestionada por nosotros, sino por otra entidad que trata los datos obtenidos a trav\u00e9s de las cookies.<\/p>\n<p>En este caso las Cookies son utilizadas con fines estad\u00edsticos relacionados con las visitas que recibe y las p\u00e1ginas que se consultan, quedando aceptado su uso al navegar por ella.<\/p>\n<p>\u00a0<\/p>\n<figure class=\"wp-block-table\">\n<table>\n<tbody>\n<tr>\n<th>COOKIE<br \/>(Y PROVEEDOR)<\/th>\n<th>DURACI\u00d3N<\/th>\n<th>DESCRIPCI\u00d3N<\/th>\n<\/tr>\n<tr>\n<td>__cfduid (notin.es)<\/td>\n<td>Sesi\u00f3n<\/td>\n<td>Publicidad<\/td>\n<\/tr>\n<tr>\n<td>personalization_id (twitter.com)<\/td>\n<td>Sesi\u00f3n<\/td>\n<td>Twitter<\/td>\n<\/tr>\n<tr>\n<td>Facebook<\/td>\n<td>Publicidad, estad\u00edsticas y mediciones<\/td>\n<td>Coloca Cookies en el ordenador o dispositivo y recibe la informaci\u00f3n almacenada en ellas cuando utilizas o visitas servicios prestados por otras empresas que utilizan los servicios de Facebook.<\/td>\n<\/tr>\n<tr>\n<td>_ga (Google)<\/td>\n<td>2 a\u00f1os<\/td>\n<td>Se usa para distinguir a los usuarios.<\/td>\n<\/tr>\n<tr>\n<td>_gid (Google)<\/td>\n<td>24 horas<\/td>\n<td>Se usa para distinguir a los usuarios.<\/td>\n<\/tr>\n<tr>\n<td>_gat (Google)<\/td>\n<td>1\u00a0minuto<\/td>\n<td>Se usa para limitar el porcentaje de solicitudes. Si has implementado Google Analytics mediante Google\u00a0Tag\u00a0Manager, esta cookie se llamar\u00e1 _dc_gtm_.<\/td>\n<\/tr>\n<tr>\n<td>_gali (Google)<\/td>\n<td>30s<\/td>\n<td>Atribuci\u00f3n de enlace mejorada.<\/td>\n<\/tr>\n<tr>\n<td>_unam (SHARETHIS)<\/td>\n<td>Persistente<\/td>\n<td>Su finalidad es cuantificar el n\u00famero de Usuarios que comparten un determinado contenido y cu\u00e1ntas p\u00e1ginas web son visitadas a ra\u00edz de esa acci\u00f3n.<\/td>\n<\/tr>\n<tr>\n<td>WordPress<\/td>\n<td>2 a\u00f1os<\/td>\n<td>Utilizado para el correcto funcionamiento del gestor de contenido WordPress.<\/td>\n<\/tr>\n<\/tbody>\n<\/table>\n<\/figure>\n<p>Si desea m\u00e1s informaci\u00f3n m\u00e1s sobre los tipos de cookies de seguimiento y an\u00e1lisis de datos de Google\u00a0<a class=\"rank-math-link\" href=\"https:\/\/www.google.com\/intl\/es_es\/policies\/technologies\/types\/\" target=\"_blank\" rel=\"noopener\">haga clic aqu\u00ed<\/a>.<\/p>\n<p>Para informarse sobre c\u00f3mo eliminar las cookies de su explorador:<\/p>\n<ul>\n<li><a class=\"rank-math-link\" href=\"https:\/\/support.mozilla.org\/es\/kb\/habilitar-y-deshabilitar-cookies-sitios-web-rastrear-preferencias\" target=\"_blank\" rel=\"noopener\">Firefox<\/a><\/li>\n<li><a class=\"rank-math-link\" href=\"https:\/\/support.google.com\/chrome\/answer\/95647?hl=es\" target=\"_blank\" rel=\"noopener\">Chrome<\/a><\/li>\n<li><a class=\"rank-math-link\" href=\"https:\/\/support.microsoft.com\/es-es\/topic\/eliminar-y-administrar-cookies-168dab11-0753-043d-7c16-ede5947fc64d\" target=\"_blank\" rel=\"noopener\">Internet Explorer<\/a><\/li>\n<li><a class=\"rank-math-link\" href=\"https:\/\/support.apple.com\/kb\/PH19214?viewlocale=es_ES&amp;locale=es_ES\" target=\"_blank\" rel=\"noopener\">Safari<\/a><\/li>\n<li><a class=\"rank-math-link\" href=\"https:\/\/www.allaboutcookies.org\/es\/administrar-las-cookies\/opera.html\" target=\"_blank\" rel=\"noopener\">Opera<\/a><\/li>\n<\/ul>\t\t\t\t\t\t\t\t<\/div>\n\t\t\t\t<\/div>\n\t\t\t\t<div class=\"elementor-element elementor-element-6dfbddd elementor-align-center elementor-widget elementor-widget-button\" data-id=\"6dfbddd\" data-element_type=\"widget\" data-e-type=\"widget\" data-widget_type=\"button.default\">\n\t\t\t\t<div class=\"elementor-widget-container\">\n\t\t\t\t\t\t\t\t\t<div class=\"elementor-button-wrapper\">\n\t\t\t\t\t<a class=\"elementor-button elementor-button-link elementor-size-md\" href=\"https:\/\/electricista-quiquezamorano.com\/\">\n\t\t\t\t\t\t<span class=\"elementor-button-content-wrapper\">\n\t\t\t\t\t\t<span class=\"elementor-button-icon\">\n\t\t\t\t<i aria-hidden=\"true\" class=\"fas fa-home\"><\/i>\t\t\t<\/span>\n\t\t\t\t\t\t\t\t\t<span class=\"elementor-button-text\">Volver a Inicio<\/span>\n\t\t\t\t\t<\/span>\n\t\t\t\t\t<\/a>\n\t\t\t\t<\/div>\n\t\t\t\t\t\t\t\t<\/div>\n\t\t\t\t<\/div>\n\t\t\t\t\t<\/div>\n\t\t<\/div>\n\t\t\t\t\t<\/div>\n\t\t<\/section>\n\t\t\t\t<\/div>\n\t\t","protected":false},"excerpt":{"rendered":"<p>POLITICA DE PRIVACIDAD \u00daltima actualizaci\u00f3n: Octubre 2021. \u00a0 1.\u00a0INFORMACI\u00d3N AL USUARIO Enrique Zamorano Garrido, como Responsable del Tratamiento, le informa que, seg\u00fan lo dispuesto en el Reglamento (UE) 2016\/679, de 27 de abril, (RGPD) y en la L.O. 3\/2018, de 5 de diciembre, de protecci\u00f3n de datos y garant\u00eda de los derechos digitales (LOPDGDD), trataremos [&hellip;]<\/p>\n","protected":false},"author":1,"featured_media":0,"parent":0,"menu_order":0,"comment_status":"closed","ping_status":"closed","template":"","meta":{"footnotes":""},"class_list":["post-3","page","type-page","status-publish","hentry"],"yoast_head":"<!-- This site is optimized with the Yoast SEO plugin v27.4 - https:\/\/yoast.com\/product\/yoast-seo-wordpress\/ -->\n<title>Pol\u00edtica de privacidad - Quique Zamorano electricista<\/title>\n<meta name=\"robots\" content=\"index, follow, max-snippet:-1, max-image-preview:large, max-video-preview:-1\" \/>\n<link rel=\"canonical\" href=\"https:\/\/electricista-quiquezamorano.com\/?page_id=3\" \/>\n<meta property=\"og:locale\" content=\"es_ES\" \/>\n<meta property=\"og:type\" content=\"article\" \/>\n<meta property=\"og:title\" content=\"Pol\u00edtica de privacidad - Quique Zamorano electricista\" \/>\n<meta property=\"og:description\" content=\"POLITICA DE PRIVACIDAD \u00daltima actualizaci\u00f3n: Octubre 2021. \u00a0 1.\u00a0INFORMACI\u00d3N AL USUARIO Enrique Zamorano Garrido, como Responsable del Tratamiento, le informa que, seg\u00fan lo dispuesto en el Reglamento (UE) 2016\/679, de 27 de abril, (RGPD) y en la L.O. 3\/2018, de 5 de diciembre, de protecci\u00f3n de datos y garant\u00eda de los derechos digitales (LOPDGDD), trataremos [&hellip;]\" \/>\n<meta property=\"og:url\" content=\"https:\/\/electricista-quiquezamorano.com\/?page_id=3\" \/>\n<meta property=\"og:site_name\" content=\"Quique Zamorano electricista\" \/>\n<meta property=\"article:modified_time\" content=\"2021-10-05T12:00:49+00:00\" \/>\n<meta property=\"og:image\" content=\"https:\/\/electricista-quiquezamorano.com\/wp-content\/uploads\/2021\/09\/Logo-Quique-Zamorano-aprobado.png\" \/>\n\t<meta property=\"og:image:width\" content=\"500\" \/>\n\t<meta property=\"og:image:height\" content=\"500\" \/>\n\t<meta property=\"og:image:type\" content=\"image\/png\" \/>\n<meta name=\"twitter:card\" content=\"summary_large_image\" \/>\n<meta name=\"twitter:label1\" content=\"Tiempo de lectura\" \/>\n\t<meta name=\"twitter:data1\" content=\"6 minutos\" \/>\n<script type=\"application\/ld+json\" class=\"yoast-schema-graph\">{\"@context\":\"https:\\\/\\\/schema.org\",\"@graph\":[{\"@type\":\"WebPage\",\"@id\":\"https:\\\/\\\/electricista-quiquezamorano.com\\\/?page_id=3\",\"url\":\"https:\\\/\\\/electricista-quiquezamorano.com\\\/?page_id=3\",\"name\":\"Pol\u00edtica de privacidad - Quique Zamorano electricista\",\"isPartOf\":{\"@id\":\"https:\\\/\\\/electricista-quiquezamorano.com\\\/#website\"},\"datePublished\":\"2021-10-04T13:07:23+00:00\",\"dateModified\":\"2021-10-05T12:00:49+00:00\",\"breadcrumb\":{\"@id\":\"https:\\\/\\\/electricista-quiquezamorano.com\\\/?page_id=3#breadcrumb\"},\"inLanguage\":\"es\",\"potentialAction\":[{\"@type\":\"ReadAction\",\"target\":[\"https:\\\/\\\/electricista-quiquezamorano.com\\\/?page_id=3\"]}]},{\"@type\":\"BreadcrumbList\",\"@id\":\"https:\\\/\\\/electricista-quiquezamorano.com\\\/?page_id=3#breadcrumb\",\"itemListElement\":[{\"@type\":\"ListItem\",\"position\":1,\"name\":\"Portada\",\"item\":\"https:\\\/\\\/electricista-quiquezamorano.com\\\/\"},{\"@type\":\"ListItem\",\"position\":2,\"name\":\"Pol\u00edtica de privacidad\"}]},{\"@type\":\"WebSite\",\"@id\":\"https:\\\/\\\/electricista-quiquezamorano.com\\\/#website\",\"url\":\"https:\\\/\\\/electricista-quiquezamorano.com\\\/\",\"name\":\"Quique Zamorano electricista\",\"description\":\"Sol y energ\u00eda a tu alcance\",\"publisher\":{\"@id\":\"https:\\\/\\\/electricista-quiquezamorano.com\\\/#\\\/schema\\\/person\\\/d5c84c04731580e792566deaaa9dc006\"},\"potentialAction\":[{\"@type\":\"SearchAction\",\"target\":{\"@type\":\"EntryPoint\",\"urlTemplate\":\"https:\\\/\\\/electricista-quiquezamorano.com\\\/?s={search_term_string}\"},\"query-input\":{\"@type\":\"PropertyValueSpecification\",\"valueRequired\":true,\"valueName\":\"search_term_string\"}}],\"inLanguage\":\"es\"},{\"@type\":[\"Person\",\"Organization\"],\"@id\":\"https:\\\/\\\/electricista-quiquezamorano.com\\\/#\\\/schema\\\/person\\\/d5c84c04731580e792566deaaa9dc006\",\"name\":\"quique-zamorano\",\"image\":{\"@type\":\"ImageObject\",\"inLanguage\":\"es\",\"@id\":\"https:\\\/\\\/electricista-quiquezamorano.com\\\/wp-content\\\/uploads\\\/2021\\\/09\\\/Logo-Quique-Zamorano-aprobado.png\",\"url\":\"https:\\\/\\\/electricista-quiquezamorano.com\\\/wp-content\\\/uploads\\\/2021\\\/09\\\/Logo-Quique-Zamorano-aprobado.png\",\"contentUrl\":\"https:\\\/\\\/electricista-quiquezamorano.com\\\/wp-content\\\/uploads\\\/2021\\\/09\\\/Logo-Quique-Zamorano-aprobado.png\",\"width\":500,\"height\":500,\"caption\":\"quique-zamorano\"},\"logo\":{\"@id\":\"https:\\\/\\\/electricista-quiquezamorano.com\\\/wp-content\\\/uploads\\\/2021\\\/09\\\/Logo-Quique-Zamorano-aprobado.png\"},\"sameAs\":[\"http:\\\/\\\/electricista-quiquezamorano.com\"]}]}<\/script>\n<!-- \/ Yoast SEO plugin. -->","yoast_head_json":{"title":"Pol\u00edtica de privacidad - Quique Zamorano electricista","robots":{"index":"index","follow":"follow","max-snippet":"max-snippet:-1","max-image-preview":"max-image-preview:large","max-video-preview":"max-video-preview:-1"},"canonical":"https:\/\/electricista-quiquezamorano.com\/?page_id=3","og_locale":"es_ES","og_type":"article","og_title":"Pol\u00edtica de privacidad - Quique Zamorano electricista","og_description":"POLITICA DE PRIVACIDAD \u00daltima actualizaci\u00f3n: Octubre 2021. \u00a0 1.\u00a0INFORMACI\u00d3N AL USUARIO Enrique Zamorano Garrido, como Responsable del Tratamiento, le informa que, seg\u00fan lo dispuesto en el Reglamento (UE) 2016\/679, de 27 de abril, (RGPD) y en la L.O. 3\/2018, de 5 de diciembre, de protecci\u00f3n de datos y garant\u00eda de los derechos digitales (LOPDGDD), trataremos [&hellip;]","og_url":"https:\/\/electricista-quiquezamorano.com\/?page_id=3","og_site_name":"Quique Zamorano electricista","article_modified_time":"2021-10-05T12:00:49+00:00","og_image":[{"width":500,"height":500,"url":"https:\/\/electricista-quiquezamorano.com\/wp-content\/uploads\/2021\/09\/Logo-Quique-Zamorano-aprobado.png","type":"image\/png"}],"twitter_card":"summary_large_image","twitter_misc":{"Tiempo de lectura":"6 minutos"},"schema":{"@context":"https:\/\/schema.org","@graph":[{"@type":"WebPage","@id":"https:\/\/electricista-quiquezamorano.com\/?page_id=3","url":"https:\/\/electricista-quiquezamorano.com\/?page_id=3","name":"Pol\u00edtica de privacidad - Quique Zamorano electricista","isPartOf":{"@id":"https:\/\/electricista-quiquezamorano.com\/#website"},"datePublished":"2021-10-04T13:07:23+00:00","dateModified":"2021-10-05T12:00:49+00:00","breadcrumb":{"@id":"https:\/\/electricista-quiquezamorano.com\/?page_id=3#breadcrumb"},"inLanguage":"es","potentialAction":[{"@type":"ReadAction","target":["https:\/\/electricista-quiquezamorano.com\/?page_id=3"]}]},{"@type":"BreadcrumbList","@id":"https:\/\/electricista-quiquezamorano.com\/?page_id=3#breadcrumb","itemListElement":[{"@type":"ListItem","position":1,"name":"Portada","item":"https:\/\/electricista-quiquezamorano.com\/"},{"@type":"ListItem","position":2,"name":"Pol\u00edtica de privacidad"}]},{"@type":"WebSite","@id":"https:\/\/electricista-quiquezamorano.com\/#website","url":"https:\/\/electricista-quiquezamorano.com\/","name":"Quique Zamorano electricista","description":"Sol y energ\u00eda a tu alcance","publisher":{"@id":"https:\/\/electricista-quiquezamorano.com\/#\/schema\/person\/d5c84c04731580e792566deaaa9dc006"},"potentialAction":[{"@type":"SearchAction","target":{"@type":"EntryPoint","urlTemplate":"https:\/\/electricista-quiquezamorano.com\/?s={search_term_string}"},"query-input":{"@type":"PropertyValueSpecification","valueRequired":true,"valueName":"search_term_string"}}],"inLanguage":"es"},{"@type":["Person","Organization"],"@id":"https:\/\/electricista-quiquezamorano.com\/#\/schema\/person\/d5c84c04731580e792566deaaa9dc006","name":"quique-zamorano","image":{"@type":"ImageObject","inLanguage":"es","@id":"https:\/\/electricista-quiquezamorano.com\/wp-content\/uploads\/2021\/09\/Logo-Quique-Zamorano-aprobado.png","url":"https:\/\/electricista-quiquezamorano.com\/wp-content\/uploads\/2021\/09\/Logo-Quique-Zamorano-aprobado.png","contentUrl":"https:\/\/electricista-quiquezamorano.com\/wp-content\/uploads\/2021\/09\/Logo-Quique-Zamorano-aprobado.png","width":500,"height":500,"caption":"quique-zamorano"},"logo":{"@id":"https:\/\/electricista-quiquezamorano.com\/wp-content\/uploads\/2021\/09\/Logo-Quique-Zamorano-aprobado.png"},"sameAs":["http:\/\/electricista-quiquezamorano.com"]}]}},"_links":{"self":[{"href":"https:\/\/electricista-quiquezamorano.com\/index.php?rest_route=\/wp\/v2\/pages\/3","targetHints":{"allow":["GET"]}}],"collection":[{"href":"https:\/\/electricista-quiquezamorano.com\/index.php?rest_route=\/wp\/v2\/pages"}],"about":[{"href":"https:\/\/electricista-quiquezamorano.com\/index.php?rest_route=\/wp\/v2\/types\/page"}],"author":[{"embeddable":true,"href":"https:\/\/electricista-quiquezamorano.com\/index.php?rest_route=\/wp\/v2\/users\/1"}],"replies":[{"embeddable":true,"href":"https:\/\/electricista-quiquezamorano.com\/index.php?rest_route=%2Fwp%2Fv2%2Fcomments&post=3"}],"version-history":[{"count":22,"href":"https:\/\/electricista-quiquezamorano.com\/index.php?rest_route=\/wp\/v2\/pages\/3\/revisions"}],"predecessor-version":[{"id":636,"href":"https:\/\/electricista-quiquezamorano.com\/index.php?rest_route=\/wp\/v2\/pages\/3\/revisions\/636"}],"wp:attachment":[{"href":"https:\/\/electricista-quiquezamorano.com\/index.php?rest_route=%2Fwp%2Fv2%2Fmedia&parent=3"}],"curies":[{"name":"wp","href":"https:\/\/api.w.org\/{rel}","templated":true}]}}