{"id":27,"date":"2021-09-22T18:44:44","date_gmt":"2021-09-22T16:44:44","guid":{"rendered":"http:\/\/electricista-quiquezamorano.com\/?page_id=27"},"modified":"2024-02-12T21:50:23","modified_gmt":"2024-02-12T19:50:23","slug":"contacto","status":"publish","type":"page","link":"https:\/\/electricista-quiquezamorano.com\/?page_id=27","title":{"rendered":"Contacto"},"content":{"rendered":"\t\t<div data-elementor-type=\"wp-page\" data-elementor-id=\"27\" class=\"elementor elementor-27\">\n\t\t\t\t\t\t<section class=\"elementor-section elementor-top-section elementor-element elementor-element-052c917 elementor-section-full_width elementor-section-stretched elementor-section-height-default elementor-section-height-default\" data-id=\"052c917\" data-element_type=\"section\" data-e-type=\"section\" data-settings=\"{&quot;stretch_section&quot;:&quot;section-stretched&quot;,&quot;background_background&quot;:&quot;classic&quot;,&quot;animation&quot;:&quot;none&quot;}\">\n\t\t\t\t\t\t<div class=\"elementor-container elementor-column-gap-default\">\n\t\t\t\t\t<div class=\"elementor-column elementor-col-100 elementor-top-column elementor-element elementor-element-84af491\" data-id=\"84af491\" data-element_type=\"column\" data-e-type=\"column\">\n\t\t\t<div class=\"elementor-widget-wrap elementor-element-populated\">\n\t\t\t\t\t\t<div class=\"elementor-element elementor-element-35b0f7a elementor-widget elementor-widget-spacer\" data-id=\"35b0f7a\" data-element_type=\"widget\" data-e-type=\"widget\" data-widget_type=\"spacer.default\">\n\t\t\t\t<div class=\"elementor-widget-container\">\n\t\t\t\t\t\t\t<div class=\"elementor-spacer\">\n\t\t\t<div class=\"elementor-spacer-inner\"><\/div>\n\t\t<\/div>\n\t\t\t\t\t\t<\/div>\n\t\t\t\t<\/div>\n\t\t\t\t<div class=\"elementor-element elementor-element-5a8d59b elementor-widget elementor-widget-heading\" data-id=\"5a8d59b\" data-element_type=\"widget\" data-e-type=\"widget\" data-widget_type=\"heading.default\">\n\t\t\t\t<div class=\"elementor-widget-container\">\n\t\t\t\t\t<h2 class=\"elementor-heading-title elementor-size-default\">contacto<\/h2>\t\t\t\t<\/div>\n\t\t\t\t<\/div>\n\t\t\t\t<div class=\"elementor-element elementor-element-6f96fd3 elementor-widget elementor-widget-spacer\" data-id=\"6f96fd3\" data-element_type=\"widget\" data-e-type=\"widget\" data-widget_type=\"spacer.default\">\n\t\t\t\t<div class=\"elementor-widget-container\">\n\t\t\t\t\t\t\t<div class=\"elementor-spacer\">\n\t\t\t<div class=\"elementor-spacer-inner\"><\/div>\n\t\t<\/div>\n\t\t\t\t\t\t<\/div>\n\t\t\t\t<\/div>\n\t\t\t\t\t<\/div>\n\t\t<\/div>\n\t\t\t\t\t<\/div>\n\t\t<\/section>\n\t\t\t\t<section class=\"elementor-section elementor-top-section elementor-element elementor-element-71a04f9 elementor-section-boxed elementor-section-height-default elementor-section-height-default\" data-id=\"71a04f9\" data-element_type=\"section\" data-e-type=\"section\">\n\t\t\t\t\t\t<div class=\"elementor-container elementor-column-gap-default\">\n\t\t\t\t\t<div class=\"elementor-column elementor-col-50 elementor-top-column elementor-element elementor-element-dd192b3\" data-id=\"dd192b3\" data-element_type=\"column\" data-e-type=\"column\">\n\t\t\t<div class=\"elementor-widget-wrap elementor-element-populated\">\n\t\t\t\t\t\t<div class=\"elementor-element elementor-element-44274a5 elementor-invisible elementor-widget elementor-widget-heading\" data-id=\"44274a5\" data-element_type=\"widget\" data-e-type=\"widget\" data-settings=\"{&quot;_animation&quot;:&quot;bounceInRight&quot;}\" data-widget_type=\"heading.default\">\n\t\t\t\t<div class=\"elementor-widget-container\">\n\t\t\t\t\t<h2 class=\"elementor-heading-title elementor-size-default\">Puedes contactarme:<br><\/h2>\t\t\t\t<\/div>\n\t\t\t\t<\/div>\n\t\t\t\t<div class=\"elementor-element elementor-element-1e4238a elementor-invisible elementor-widget elementor-widget-text-editor\" data-id=\"1e4238a\" data-element_type=\"widget\" data-e-type=\"widget\" data-settings=\"{&quot;_animation&quot;:&quot;zoomIn&quot;}\" data-widget_type=\"text-editor.default\">\n\t\t\t\t<div class=\"elementor-widget-container\">\n\t\t\t\t\t\t\t\t\t<p>Por tel\u00e9fono al<\/p>\t\t\t\t\t\t\t\t<\/div>\n\t\t\t\t<\/div>\n\t\t\t\t<div class=\"elementor-element elementor-element-70bac8d elementor-invisible elementor-widget elementor-widget-text-editor\" data-id=\"70bac8d\" data-element_type=\"widget\" data-e-type=\"widget\" data-settings=\"{&quot;_animation&quot;:&quot;bounceIn&quot;}\" data-widget_type=\"text-editor.default\">\n\t\t\t\t<div class=\"elementor-widget-container\">\n\t\t\t\t\t\t\t\t\t<p><span style=\"color: #ffcc00;\"><strong>657 065 694<\/strong><\/span><\/p>\t\t\t\t\t\t\t\t<\/div>\n\t\t\t\t<\/div>\n\t\t\t\t<div class=\"elementor-element elementor-element-89ca7e3 elementor-widget-divider--view-line elementor-widget elementor-widget-divider\" data-id=\"89ca7e3\" data-element_type=\"widget\" data-e-type=\"widget\" data-widget_type=\"divider.default\">\n\t\t\t\t<div class=\"elementor-widget-container\">\n\t\t\t\t\t\t\t<div class=\"elementor-divider\">\n\t\t\t<span class=\"elementor-divider-separator\">\n\t\t\t\t\t\t<\/span>\n\t\t<\/div>\n\t\t\t\t\t\t<\/div>\n\t\t\t\t<\/div>\n\t\t\t\t<div class=\"elementor-element elementor-element-778b3f3 elementor-invisible elementor-widget elementor-widget-text-editor\" data-id=\"778b3f3\" data-element_type=\"widget\" data-e-type=\"widget\" data-settings=\"{&quot;_animation&quot;:&quot;slideInRight&quot;}\" data-widget_type=\"text-editor.default\">\n\t\t\t\t<div class=\"elementor-widget-container\">\n\t\t\t\t\t\t\t\t\t<p>Por Whatsapp pulsando en el bot\u00f3n<\/p>\t\t\t\t\t\t\t\t<\/div>\n\t\t\t\t<\/div>\n\t\t\t\t<div class=\"elementor-element elementor-element-cac8c29 elementor-align-center elementor-invisible elementor-widget elementor-widget-button\" data-id=\"cac8c29\" data-element_type=\"widget\" data-e-type=\"widget\" data-settings=\"{&quot;_animation&quot;:&quot;zoomIn&quot;}\" data-widget_type=\"button.default\">\n\t\t\t\t<div class=\"elementor-widget-container\">\n\t\t\t\t\t\t\t\t\t<div class=\"elementor-button-wrapper\">\n\t\t\t\t\t<a class=\"elementor-button elementor-button-link elementor-size-sm elementor-animation-pulse-grow\" href=\"https:\/\/api.whatsapp.com\/send?phone=+34657065694&#038;text=Hola%20Quique,%20quer%C3%ADa%20pedirte%20informaci%C3%B3n%20sobre...\">\n\t\t\t\t\t\t<span class=\"elementor-button-content-wrapper\">\n\t\t\t\t\t\t<span class=\"elementor-button-icon\">\n\t\t\t\t<i aria-hidden=\"true\" class=\"fab fa-whatsapp\"><\/i>\t\t\t<\/span>\n\t\t\t\t\t\t\t\t\t<span class=\"elementor-button-text\">Env\u00edame un Whatsapp<\/span>\n\t\t\t\t\t<\/span>\n\t\t\t\t\t<\/a>\n\t\t\t\t<\/div>\n\t\t\t\t\t\t\t\t<\/div>\n\t\t\t\t<\/div>\n\t\t\t\t<div class=\"elementor-element elementor-element-1bd030f elementor-widget-divider--view-line elementor-widget elementor-widget-divider\" data-id=\"1bd030f\" data-element_type=\"widget\" data-e-type=\"widget\" data-widget_type=\"divider.default\">\n\t\t\t\t<div class=\"elementor-widget-container\">\n\t\t\t\t\t\t\t<div class=\"elementor-divider\">\n\t\t\t<span class=\"elementor-divider-separator\">\n\t\t\t\t\t\t<\/span>\n\t\t<\/div>\n\t\t\t\t\t\t<\/div>\n\t\t\t\t<\/div>\n\t\t\t\t<div class=\"elementor-element elementor-element-599b93f elementor-invisible elementor-widget elementor-widget-text-editor\" data-id=\"599b93f\" data-element_type=\"widget\" data-e-type=\"widget\" data-settings=\"{&quot;_animation&quot;:&quot;slideInLeft&quot;}\" data-widget_type=\"text-editor.default\">\n\t\t\t\t<div class=\"elementor-widget-container\">\n\t\t\t\t\t\t\t\t\t<p>Por email a: <a href=\"mailto:quiquezamor@hotmail.com\">quiquezamor@hotmail.com<\/a><\/p>\t\t\t\t\t\t\t\t<\/div>\n\t\t\t\t<\/div>\n\t\t\t\t<div class=\"elementor-element elementor-element-cef266d elementor-widget-divider--view-line elementor-widget elementor-widget-divider\" data-id=\"cef266d\" data-element_type=\"widget\" data-e-type=\"widget\" data-widget_type=\"divider.default\">\n\t\t\t\t<div class=\"elementor-widget-container\">\n\t\t\t\t\t\t\t<div class=\"elementor-divider\">\n\t\t\t<span class=\"elementor-divider-separator\">\n\t\t\t\t\t\t<\/span>\n\t\t<\/div>\n\t\t\t\t\t\t<\/div>\n\t\t\t\t<\/div>\n\t\t\t\t<div class=\"elementor-element elementor-element-8488370 elementor-invisible elementor-widget elementor-widget-text-editor\" data-id=\"8488370\" data-element_type=\"widget\" data-e-type=\"widget\" data-settings=\"{&quot;_animation&quot;:&quot;fadeIn&quot;}\" data-widget_type=\"text-editor.default\">\n\t\t\t\t<div class=\"elementor-widget-container\">\n\t\t\t\t\t\t\t\t\t<p>En redes<\/p>\t\t\t\t\t\t\t\t<\/div>\n\t\t\t\t<\/div>\n\t\t\t\t<div class=\"elementor-element elementor-element-cbf377b elementor-shape-circle e-grid-align-left elementor-grid-0 elementor-invisible elementor-widget elementor-widget-social-icons\" data-id=\"cbf377b\" data-element_type=\"widget\" data-e-type=\"widget\" data-settings=\"{&quot;_animation&quot;:&quot;fadeIn&quot;}\" data-widget_type=\"social-icons.default\">\n\t\t\t\t<div class=\"elementor-widget-container\">\n\t\t\t\t\t\t\t<div class=\"elementor-social-icons-wrapper elementor-grid\" role=\"list\">\n\t\t\t\t\t\t\t<span class=\"elementor-grid-item\" role=\"listitem\">\n\t\t\t\t\t<a class=\"elementor-icon elementor-social-icon elementor-social-icon-facebook elementor-repeater-item-88796ab\" href=\"https:\/\/www.facebook.com\/Enrique-Zamorano-Instalador-Electricista-Autorizado-Almanza-Le\u00f3n-103225215202710\" target=\"_blank\">\n\t\t\t\t\t\t<span class=\"elementor-screen-only\">Facebook<\/span>\n\t\t\t\t\t\t<i aria-hidden=\"true\" class=\"fab fa-facebook\"><\/i>\t\t\t\t\t<\/a>\n\t\t\t\t<\/span>\n\t\t\t\t\t\t\t<span class=\"elementor-grid-item\" role=\"listitem\">\n\t\t\t\t\t<a class=\"elementor-icon elementor-social-icon elementor-social-icon-instagram elementor-repeater-item-c9923af\" href=\"https:\/\/www.instagram.com\/quiquezamor\/\" target=\"_blank\">\n\t\t\t\t\t\t<span class=\"elementor-screen-only\">Instagram<\/span>\n\t\t\t\t\t\t<i aria-hidden=\"true\" class=\"fab fa-instagram\"><\/i>\t\t\t\t\t<\/a>\n\t\t\t\t<\/span>\n\t\t\t\t\t<\/div>\n\t\t\t\t\t\t<\/div>\n\t\t\t\t<\/div>\n\t\t\t\t\t<\/div>\n\t\t<\/div>\n\t\t\t\t<div class=\"elementor-column elementor-col-50 elementor-top-column elementor-element elementor-element-307baa7\" data-id=\"307baa7\" data-element_type=\"column\" data-e-type=\"column\">\n\t\t\t<div class=\"elementor-widget-wrap elementor-element-populated\">\n\t\t\t\t\t\t<div class=\"elementor-element elementor-element-36acf52 elementor-widget elementor-widget-image\" data-id=\"36acf52\" data-element_type=\"widget\" data-e-type=\"widget\" data-widget_type=\"image.default\">\n\t\t\t\t<div class=\"elementor-widget-container\">\n\t\t\t\t\t\t\t\t\t\t\t\t\t\t\t<img fetchpriority=\"high\" decoding=\"async\" width=\"530\" height=\"692\" src=\"https:\/\/electricista-quiquezamorano.com\/wp-content\/uploads\/2021\/11\/WhatsApp-Image-2021-11-05-at-09.41.25.jpg\" class=\"attachment-medium_large size-medium_large wp-image-686\" alt=\"\" srcset=\"https:\/\/electricista-quiquezamorano.com\/wp-content\/uploads\/2021\/11\/WhatsApp-Image-2021-11-05-at-09.41.25.jpg 530w, https:\/\/electricista-quiquezamorano.com\/wp-content\/uploads\/2021\/11\/WhatsApp-Image-2021-11-05-at-09.41.25-230x300.jpg 230w\" sizes=\"(max-width: 530px) 100vw, 530px\" \/>\t\t\t\t\t\t\t\t\t\t\t\t\t\t\t<\/div>\n\t\t\t\t<\/div>\n\t\t\t\t\t<\/div>\n\t\t<\/div>\n\t\t\t\t\t<\/div>\n\t\t<\/section>\n\t\t\t\t<section class=\"elementor-section elementor-top-section elementor-element elementor-element-6257006 elementor-section-boxed elementor-section-height-default elementor-section-height-default\" data-id=\"6257006\" data-element_type=\"section\" data-e-type=\"section\">\n\t\t\t\t\t\t<div class=\"elementor-container elementor-column-gap-default\">\n\t\t\t\t\t<div class=\"elementor-column elementor-col-100 elementor-top-column elementor-element elementor-element-06f1966\" data-id=\"06f1966\" data-element_type=\"column\" data-e-type=\"column\">\n\t\t\t<div class=\"elementor-widget-wrap elementor-element-populated\">\n\t\t\t\t\t\t<div class=\"elementor-element elementor-element-a4808d8 elementor-widget elementor-widget-image\" data-id=\"a4808d8\" data-element_type=\"widget\" data-e-type=\"widget\" data-widget_type=\"image.default\">\n\t\t\t\t<div class=\"elementor-widget-container\">\n\t\t\t\t\t\t\t\t\t\t\t\t\t\t\t<img decoding=\"async\" width=\"150\" height=\"150\" src=\"https:\/\/electricista-quiquezamorano.com\/wp-content\/uploads\/2021\/09\/Logo-Quique-Zamorano-aprobado-150x150.png\" class=\"attachment-thumbnail size-thumbnail wp-image-17\" alt=\"\" srcset=\"https:\/\/electricista-quiquezamorano.com\/wp-content\/uploads\/2021\/09\/Logo-Quique-Zamorano-aprobado-150x150.png 150w, https:\/\/electricista-quiquezamorano.com\/wp-content\/uploads\/2021\/09\/Logo-Quique-Zamorano-aprobado-300x300.png 300w, https:\/\/electricista-quiquezamorano.com\/wp-content\/uploads\/2021\/09\/Logo-Quique-Zamorano-aprobado.png 500w\" sizes=\"(max-width: 150px) 100vw, 150px\" \/>\t\t\t\t\t\t\t\t\t\t\t\t\t\t\t<\/div>\n\t\t\t\t<\/div>\n\t\t\t\t\t<\/div>\n\t\t<\/div>\n\t\t\t\t\t<\/div>\n\t\t<\/section>\n\t\t\t\t<\/div>\n\t\t","protected":false},"excerpt":{"rendered":"<p>contacto Puedes contactarme: Por tel\u00e9fono al 657 065 694 Por Whatsapp pulsando en el bot\u00f3n Env\u00edame un Whatsapp Por email a: quiquezamor@hotmail.com En redes Facebook Instagram<\/p>\n","protected":false},"author":1,"featured_media":17,"parent":0,"menu_order":0,"comment_status":"closed","ping_status":"closed","template":"","meta":{"footnotes":""},"class_list":["post-27","page","type-page","status-publish","has-post-thumbnail","hentry"],"yoast_head":"<!-- This site is optimized with the Yoast SEO plugin v27.4 - https:\/\/yoast.com\/product\/yoast-seo-wordpress\/ -->\n<title>Contacto - Quique Zamorano electricista<\/title>\n<meta name=\"description\" content=\"Cont\u00e1ctame por Whatsapp, email o al 657 065 694 para aver\u00edas, emergencias, firma de boletines, mantenimiento e instalaciones, pide presupuesto sin compromiso\" \/>\n<meta name=\"robots\" content=\"index, follow, max-snippet:-1, max-image-preview:large, max-video-preview:-1\" \/>\n<link rel=\"canonical\" href=\"https:\/\/electricista-quiquezamorano.com\/?page_id=27\" \/>\n<meta property=\"og:locale\" content=\"es_ES\" \/>\n<meta property=\"og:type\" content=\"article\" \/>\n<meta property=\"og:title\" content=\"Contacto - Quique Zamorano electricista\" \/>\n<meta property=\"og:description\" content=\"Cont\u00e1ctame por Whatsapp, email o al 657 065 694 para aver\u00edas, emergencias, firma de boletines, mantenimiento e instalaciones, pide presupuesto sin compromiso\" \/>\n<meta property=\"og:url\" content=\"https:\/\/electricista-quiquezamorano.com\/?page_id=27\" \/>\n<meta property=\"og:site_name\" content=\"Quique Zamorano electricista\" \/>\n<meta property=\"article:modified_time\" content=\"2024-02-12T19:50:23+00:00\" \/>\n<meta property=\"og:image\" content=\"https:\/\/electricista-quiquezamorano.com\/wp-content\/uploads\/2021\/09\/Logo-Quique-Zamorano-aprobado.png\" \/>\n\t<meta property=\"og:image:width\" content=\"500\" \/>\n\t<meta property=\"og:image:height\" content=\"500\" \/>\n\t<meta property=\"og:image:type\" content=\"image\/png\" \/>\n<meta name=\"twitter:card\" content=\"summary_large_image\" \/>\n<meta name=\"twitter:label1\" content=\"Tiempo de lectura\" \/>\n\t<meta name=\"twitter:data1\" content=\"1 minuto\" \/>\n<script type=\"application\/ld+json\" class=\"yoast-schema-graph\">{\"@context\":\"https:\\\/\\\/schema.org\",\"@graph\":[{\"@type\":\"WebPage\",\"@id\":\"https:\\\/\\\/electricista-quiquezamorano.com\\\/?page_id=27\",\"url\":\"https:\\\/\\\/electricista-quiquezamorano.com\\\/?page_id=27\",\"name\":\"Contacto - Quique Zamorano electricista\",\"isPartOf\":{\"@id\":\"https:\\\/\\\/electricista-quiquezamorano.com\\\/#website\"},\"primaryImageOfPage\":{\"@id\":\"https:\\\/\\\/electricista-quiquezamorano.com\\\/?page_id=27#primaryimage\"},\"image\":{\"@id\":\"https:\\\/\\\/electricista-quiquezamorano.com\\\/?page_id=27#primaryimage\"},\"thumbnailUrl\":\"https:\\\/\\\/electricista-quiquezamorano.com\\\/wp-content\\\/uploads\\\/2021\\\/09\\\/Logo-Quique-Zamorano-aprobado.png\",\"datePublished\":\"2021-09-22T16:44:44+00:00\",\"dateModified\":\"2024-02-12T19:50:23+00:00\",\"description\":\"Cont\u00e1ctame por Whatsapp, email o al 657 065 694 para aver\u00edas, emergencias, firma de boletines, mantenimiento e instalaciones, pide presupuesto sin compromiso\",\"breadcrumb\":{\"@id\":\"https:\\\/\\\/electricista-quiquezamorano.com\\\/?page_id=27#breadcrumb\"},\"inLanguage\":\"es\",\"potentialAction\":[{\"@type\":\"ReadAction\",\"target\":[\"https:\\\/\\\/electricista-quiquezamorano.com\\\/?page_id=27\"]}]},{\"@type\":\"ImageObject\",\"inLanguage\":\"es\",\"@id\":\"https:\\\/\\\/electricista-quiquezamorano.com\\\/?page_id=27#primaryimage\",\"url\":\"https:\\\/\\\/electricista-quiquezamorano.com\\\/wp-content\\\/uploads\\\/2021\\\/09\\\/Logo-Quique-Zamorano-aprobado.png\",\"contentUrl\":\"https:\\\/\\\/electricista-quiquezamorano.com\\\/wp-content\\\/uploads\\\/2021\\\/09\\\/Logo-Quique-Zamorano-aprobado.png\",\"width\":500,\"height\":500},{\"@type\":\"BreadcrumbList\",\"@id\":\"https:\\\/\\\/electricista-quiquezamorano.com\\\/?page_id=27#breadcrumb\",\"itemListElement\":[{\"@type\":\"ListItem\",\"position\":1,\"name\":\"Portada\",\"item\":\"https:\\\/\\\/electricista-quiquezamorano.com\\\/\"},{\"@type\":\"ListItem\",\"position\":2,\"name\":\"Contacto\"}]},{\"@type\":\"WebSite\",\"@id\":\"https:\\\/\\\/electricista-quiquezamorano.com\\\/#website\",\"url\":\"https:\\\/\\\/electricista-quiquezamorano.com\\\/\",\"name\":\"Quique Zamorano electricista\",\"description\":\"Sol y energ\u00eda a tu alcance\",\"publisher\":{\"@id\":\"https:\\\/\\\/electricista-quiquezamorano.com\\\/#\\\/schema\\\/person\\\/d5c84c04731580e792566deaaa9dc006\"},\"potentialAction\":[{\"@type\":\"SearchAction\",\"target\":{\"@type\":\"EntryPoint\",\"urlTemplate\":\"https:\\\/\\\/electricista-quiquezamorano.com\\\/?s={search_term_string}\"},\"query-input\":{\"@type\":\"PropertyValueSpecification\",\"valueRequired\":true,\"valueName\":\"search_term_string\"}}],\"inLanguage\":\"es\"},{\"@type\":[\"Person\",\"Organization\"],\"@id\":\"https:\\\/\\\/electricista-quiquezamorano.com\\\/#\\\/schema\\\/person\\\/d5c84c04731580e792566deaaa9dc006\",\"name\":\"quique-zamorano\",\"image\":{\"@type\":\"ImageObject\",\"inLanguage\":\"es\",\"@id\":\"https:\\\/\\\/electricista-quiquezamorano.com\\\/wp-content\\\/uploads\\\/2021\\\/09\\\/Logo-Quique-Zamorano-aprobado.png\",\"url\":\"https:\\\/\\\/electricista-quiquezamorano.com\\\/wp-content\\\/uploads\\\/2021\\\/09\\\/Logo-Quique-Zamorano-aprobado.png\",\"contentUrl\":\"https:\\\/\\\/electricista-quiquezamorano.com\\\/wp-content\\\/uploads\\\/2021\\\/09\\\/Logo-Quique-Zamorano-aprobado.png\",\"width\":500,\"height\":500,\"caption\":\"quique-zamorano\"},\"logo\":{\"@id\":\"https:\\\/\\\/electricista-quiquezamorano.com\\\/wp-content\\\/uploads\\\/2021\\\/09\\\/Logo-Quique-Zamorano-aprobado.png\"},\"sameAs\":[\"http:\\\/\\\/electricista-quiquezamorano.com\"]}]}<\/script>\n<!-- \/ Yoast SEO plugin. -->","yoast_head_json":{"title":"Contacto - Quique Zamorano electricista","description":"Cont\u00e1ctame por Whatsapp, email o al 657 065 694 para aver\u00edas, emergencias, firma de boletines, mantenimiento e instalaciones, pide presupuesto sin compromiso","robots":{"index":"index","follow":"follow","max-snippet":"max-snippet:-1","max-image-preview":"max-image-preview:large","max-video-preview":"max-video-preview:-1"},"canonical":"https:\/\/electricista-quiquezamorano.com\/?page_id=27","og_locale":"es_ES","og_type":"article","og_title":"Contacto - Quique Zamorano electricista","og_description":"Cont\u00e1ctame por Whatsapp, email o al 657 065 694 para aver\u00edas, emergencias, firma de boletines, mantenimiento e instalaciones, pide presupuesto sin compromiso","og_url":"https:\/\/electricista-quiquezamorano.com\/?page_id=27","og_site_name":"Quique Zamorano electricista","article_modified_time":"2024-02-12T19:50:23+00:00","og_image":[{"width":500,"height":500,"url":"https:\/\/electricista-quiquezamorano.com\/wp-content\/uploads\/2021\/09\/Logo-Quique-Zamorano-aprobado.png","type":"image\/png"}],"twitter_card":"summary_large_image","twitter_misc":{"Tiempo de lectura":"1 minuto"},"schema":{"@context":"https:\/\/schema.org","@graph":[{"@type":"WebPage","@id":"https:\/\/electricista-quiquezamorano.com\/?page_id=27","url":"https:\/\/electricista-quiquezamorano.com\/?page_id=27","name":"Contacto - Quique Zamorano electricista","isPartOf":{"@id":"https:\/\/electricista-quiquezamorano.com\/#website"},"primaryImageOfPage":{"@id":"https:\/\/electricista-quiquezamorano.com\/?page_id=27#primaryimage"},"image":{"@id":"https:\/\/electricista-quiquezamorano.com\/?page_id=27#primaryimage"},"thumbnailUrl":"https:\/\/electricista-quiquezamorano.com\/wp-content\/uploads\/2021\/09\/Logo-Quique-Zamorano-aprobado.png","datePublished":"2021-09-22T16:44:44+00:00","dateModified":"2024-02-12T19:50:23+00:00","description":"Cont\u00e1ctame por Whatsapp, email o al 657 065 694 para aver\u00edas, emergencias, firma de boletines, mantenimiento e instalaciones, pide presupuesto sin compromiso","breadcrumb":{"@id":"https:\/\/electricista-quiquezamorano.com\/?page_id=27#breadcrumb"},"inLanguage":"es","potentialAction":[{"@type":"ReadAction","target":["https:\/\/electricista-quiquezamorano.com\/?page_id=27"]}]},{"@type":"ImageObject","inLanguage":"es","@id":"https:\/\/electricista-quiquezamorano.com\/?page_id=27#primaryimage","url":"https:\/\/electricista-quiquezamorano.com\/wp-content\/uploads\/2021\/09\/Logo-Quique-Zamorano-aprobado.png","contentUrl":"https:\/\/electricista-quiquezamorano.com\/wp-content\/uploads\/2021\/09\/Logo-Quique-Zamorano-aprobado.png","width":500,"height":500},{"@type":"BreadcrumbList","@id":"https:\/\/electricista-quiquezamorano.com\/?page_id=27#breadcrumb","itemListElement":[{"@type":"ListItem","position":1,"name":"Portada","item":"https:\/\/electricista-quiquezamorano.com\/"},{"@type":"ListItem","position":2,"name":"Contacto"}]},{"@type":"WebSite","@id":"https:\/\/electricista-quiquezamorano.com\/#website","url":"https:\/\/electricista-quiquezamorano.com\/","name":"Quique Zamorano electricista","description":"Sol y energ\u00eda a tu alcance","publisher":{"@id":"https:\/\/electricista-quiquezamorano.com\/#\/schema\/person\/d5c84c04731580e792566deaaa9dc006"},"potentialAction":[{"@type":"SearchAction","target":{"@type":"EntryPoint","urlTemplate":"https:\/\/electricista-quiquezamorano.com\/?s={search_term_string}"},"query-input":{"@type":"PropertyValueSpecification","valueRequired":true,"valueName":"search_term_string"}}],"inLanguage":"es"},{"@type":["Person","Organization"],"@id":"https:\/\/electricista-quiquezamorano.com\/#\/schema\/person\/d5c84c04731580e792566deaaa9dc006","name":"quique-zamorano","image":{"@type":"ImageObject","inLanguage":"es","@id":"https:\/\/electricista-quiquezamorano.com\/wp-content\/uploads\/2021\/09\/Logo-Quique-Zamorano-aprobado.png","url":"https:\/\/electricista-quiquezamorano.com\/wp-content\/uploads\/2021\/09\/Logo-Quique-Zamorano-aprobado.png","contentUrl":"https:\/\/electricista-quiquezamorano.com\/wp-content\/uploads\/2021\/09\/Logo-Quique-Zamorano-aprobado.png","width":500,"height":500,"caption":"quique-zamorano"},"logo":{"@id":"https:\/\/electricista-quiquezamorano.com\/wp-content\/uploads\/2021\/09\/Logo-Quique-Zamorano-aprobado.png"},"sameAs":["http:\/\/electricista-quiquezamorano.com"]}]}},"_links":{"self":[{"href":"https:\/\/electricista-quiquezamorano.com\/index.php?rest_route=\/wp\/v2\/pages\/27","targetHints":{"allow":["GET"]}}],"collection":[{"href":"https:\/\/electricista-quiquezamorano.com\/index.php?rest_route=\/wp\/v2\/pages"}],"about":[{"href":"https:\/\/electricista-quiquezamorano.com\/index.php?rest_route=\/wp\/v2\/types\/page"}],"author":[{"embeddable":true,"href":"https:\/\/electricista-quiquezamorano.com\/index.php?rest_route=\/wp\/v2\/users\/1"}],"replies":[{"embeddable":true,"href":"https:\/\/electricista-quiquezamorano.com\/index.php?rest_route=%2Fwp%2Fv2%2Fcomments&post=27"}],"version-history":[{"count":128,"href":"https:\/\/electricista-quiquezamorano.com\/index.php?rest_route=\/wp\/v2\/pages\/27\/revisions"}],"predecessor-version":[{"id":778,"href":"https:\/\/electricista-quiquezamorano.com\/index.php?rest_route=\/wp\/v2\/pages\/27\/revisions\/778"}],"wp:featuredmedia":[{"embeddable":true,"href":"https:\/\/electricista-quiquezamorano.com\/index.php?rest_route=\/wp\/v2\/media\/17"}],"wp:attachment":[{"href":"https:\/\/electricista-quiquezamorano.com\/index.php?rest_route=%2Fwp%2Fv2%2Fmedia&parent=27"}],"curies":[{"name":"wp","href":"https:\/\/api.w.org\/{rel}","templated":true}]}}